{"id":624,"date":"2017-02-05T23:01:34","date_gmt":"2017-02-05T22:01:34","guid":{"rendered":"http:\/\/ralfbuecheler.de\/?page_id=624"},"modified":"2025-10-11T20:08:19","modified_gmt":"2025-10-11T19:08:19","slug":"bildungsmedien","status":"publish","type":"page","link":"http:\/\/ralfbuecheler.de\/?page_id=624","title":{"rendered":"Bildungsmedien"},"content":{"rendered":"<p><span style=\"font-size: 12pt;\">Als Gesellschafter und Gesch\u00e4ftsf\u00fchrer der &#8222;Royal Filmmakers GmbH&#8220; konzipiert und produziert Ralf B\u00fccheler gemeinsam mit Johannes Rosenstein Medien f\u00fcr den Schulunterricht, f\u00fcr Universit\u00e4ten und andere Bildungseinrichtungen sowie f\u00fcr E-Learning-Plattformen. Au\u00dferdem entstehen hier TV-Dokumentationen, informative Imagefilme f\u00fcr Bildungstr\u00e4ger, Verb\u00e4nde und andere \u00f6ffentliche Einrichtungen.<\/span><\/p>\n<p><span style=\"font-size: 12pt;\">Hier entlang, bitte:\u00a0<a href=\"http:\/\/www.royalfilmmakers.com\/\" target=\"_blank\" rel=\"noopener\">The Royal Filmmakers<\/a><\/span><\/p>\n","protected":false},"excerpt":{"rendered":"<p class=\"excerpt\">Als Gesellschafter und Gesch\u00e4ftsf\u00fchrer der &#8222;Royal Filmmakers GmbH&#8220; konzipiert und produziert Ralf B\u00fccheler gemeinsam mit Johannes Rosenstein Medien f\u00fcr den Schulunterricht, f\u00fcr Universit\u00e4ten und andere Bildungseinrichtungen sowie f\u00fcr E-Learning-Plattformen. Au\u00dferdem entstehen hier TV-Dokumentationen, informative Imagefilme f\u00fcr Bildungstr\u00e4ger, Verb\u00e4nde und andere \u00f6ffentliche Einrichtungen. Hier entlang, bitte:\u00a0The Royal Filmmakers <a href=\"http:\/\/ralfbuecheler.de\/?page_id=624\">Read more &rarr;<\/a><\/p>\n","protected":false},"author":2,"featured_media":0,"parent":0,"menu_order":0,"comment_status":"closed","ping_status":"closed","template":"","meta":{"footnotes":""},"class_list":["post-624","page","type-page","status-publish","hentry","xfolkentry"],"aioseo_notices":[],"_links":{"self":[{"href":"http:\/\/ralfbuecheler.de\/index.php?rest_route=\/wp\/v2\/pages\/624","targetHints":{"allow":["GET"]}}],"collection":[{"href":"http:\/\/ralfbuecheler.de\/index.php?rest_route=\/wp\/v2\/pages"}],"about":[{"href":"http:\/\/ralfbuecheler.de\/index.php?rest_route=\/wp\/v2\/types\/page"}],"author":[{"embeddable":true,"href":"http:\/\/ralfbuecheler.de\/index.php?rest_route=\/wp\/v2\/users\/2"}],"replies":[{"embeddable":true,"href":"http:\/\/ralfbuecheler.de\/index.php?rest_route=%2Fwp%2Fv2%2Fcomments&post=624"}],"version-history":[{"count":6,"href":"http:\/\/ralfbuecheler.de\/index.php?rest_route=\/wp\/v2\/pages\/624\/revisions"}],"predecessor-version":[{"id":1110,"href":"http:\/\/ralfbuecheler.de\/index.php?rest_route=\/wp\/v2\/pages\/624\/revisions\/1110"}],"wp:attachment":[{"href":"http:\/\/ralfbuecheler.de\/index.php?rest_route=%2Fwp%2Fv2%2Fmedia&parent=624"}],"curies":[{"name":"wp","href":"https:\/\/api.w.org\/{rel}","templated":true}]}}